{"id":21000,"date":"2025-01-27T09:12:17","date_gmt":"2025-01-27T09:12:17","guid":{"rendered":"https:\/\/new.osmanlioud.co\/product\/%d8%b9%d8%b7%d8%b1-%d9%85%d9%8a%d9%87%d8%b1%d8%b4%d8%a7%d9%87-mihrisah\/"},"modified":"2025-05-01T13:49:04","modified_gmt":"2025-05-01T13:49:04","slug":"%d8%b9%d8%b7%d8%b1-%d9%85%d9%8a%d9%87%d8%b1%d8%b4%d8%a7%d9%87-mihrisah","status":"publish","type":"product","link":"https:\/\/sy.osmanlioud.net\/idb\/product\/%d8%b9%d8%b7%d8%b1-%d9%85%d9%8a%d9%87%d8%b1%d8%b4%d8%a7%d9%87-mihrisah\/","title":{"rendered":"\u0639\u0637\u0631 &#8211; \u0645\u064a\u0647\u0631\u0634\u0627\u0647 (M\u0130HR\u0130\u015eAH)"},"content":{"rendered":"\t\t<div data-elementor-type=\"wp-post\" data-elementor-id=\"21000\" class=\"elementor elementor-21000 elementor-17404\">\n\t\t\t\t\t\t<section class=\"wd-negative-gap elementor-section elementor-top-section elementor-element elementor-element-f335c48 elementor-section-boxed elementor-section-height-default elementor-section-height-default\" data-id=\"f335c48\" data-element_type=\"section\" data-e-type=\"section\">\n\t\t\t\t\t\t<div class=\"elementor-container elementor-column-gap-default\">\n\t\t\t\t\t<div class=\"elementor-column elementor-col-100 elementor-top-column elementor-element elementor-element-b982906\" data-id=\"b982906\" data-element_type=\"column\" data-e-type=\"column\">\n\t\t\t<div class=\"elementor-widget-wrap elementor-element-populated\">\n\t\t\t\t\t\t<div class=\"elementor-element elementor-element-c647244 elementor-widget elementor-widget-wd_text_block\" data-id=\"c647244\" data-element_type=\"widget\" data-e-type=\"widget\" data-widget_type=\"wd_text_block.default\">\n\t\t\t\t<div class=\"elementor-widget-container\">\n\t\t\t\t\t\t\t<div class=\"wd-text-block reset-last-child text-left\">\n\t\t\t\n\t\t\t<p>\u0627\u0633\u062a\u0645\u062a\u0639\u064a \u0628\u062c\u0627\u0630\u0628\u064a\u0629 \u0627\u0644\u0645\u0644\u0648\u0643\u064a\u0629 \u0627\u0644\u0639\u062b\u0645\u0627\u0646\u064a\u0629 \u0627\u0644\u062e\u0627\u0644\u062f\u0629 \u0645\u0639 \u0639\u0637\u0631 \u0645\u064a\u0647\u0631\u0634\u0627\u0647 \u0627\u0644\u0630\u064a \u064a\u0646\u0636\u062d \u0628\u0627\u0644\u0623\u0646\u0627\u0642\u0629 \u0648\u0627\u0644\u0631\u0642\u064a \u0648\u0627\u0644\u0633\u062d\u0631. \u064a\u0641\u062a\u062a\u062d \u0647\u0630\u0627 \u0627\u0644\u0639\u0637\u0631 \u0627\u0644\u0631\u0627\u0626\u0639 \u0628\u0631\u0627\u0626\u062d\u0629 \u0627\u0644\u0643\u0634\u0645\u0634 \u0627\u0644\u0623\u0633\u0648\u062f \u0648\u0627\u0644\u0643\u0645\u062b\u0631\u0649 \u0627\u0644\u063a\u0636\u0629\u060c \u0645\u062a\u0648\u0627\u0632\u0646\u064b\u0627 \u0628\u062f\u0642\u0629 \u0645\u0639 \u0627\u0644\u062c\u0648\u0647\u0631 \u0627\u0644\u0631\u0648\u0645\u0627\u0646\u0633\u064a \u0644\u0644\u0648\u0631\u062f \u0648\u0627\u0644\u062f\u0641\u0621 \u0627\u0644\u062d\u0627\u0631 \u0644\u0628\u0627\u064a \u0631\u0648\u0632. \n\t\t\t\t\t<\/div>\n\t\t\t\t\t\t<\/div>\n\t\t\t\t<\/div>\n\t\t\t\t\t<\/div>\n\t\t<\/div>\n\t\t\t\t\t<\/div>\n\t\t<\/section>\n\t\t\t\t<\/div>\n\t\t","protected":false},"excerpt":{"rendered":"<p>\u0627\u0633\u062a\u0645\u062a\u0639\u064a \u0628\u062c\u0627\u0630\u0628\u064a\u0629 \u0627\u0644\u0645\u0644\u0648\u0643\u064a\u0629 \u0627\u0644\u0639\u062b\u0645\u0627\u0646\u064a\u0629 \u0627\u0644\u062e\u0627\u0644\u062f\u0629 \u0645\u0639 \u0639\u0637\u0631 \u0645\u064a\u0647\u0631\u0634\u0627\u0647 \u0627\u0644\u0630\u064a \u064a\u0646\u0636\u062d \u0628\u0627\u0644\u0623\u0646\u0627\u0642\u0629 \u0648\u0627\u0644\u0631\u0642\u064a \u0648\u0627\u0644\u0633\u062d\u0631. \u064a\u0641\u062a\u062a\u062d \u0647\u0630\u0627 \u0627\u0644\u0639\u0637\u0631 \u0627\u0644\u0631\u0627\u0626\u0639 \u0628\u0631\u0627\u0626\u062d\u0629 \u0627\u0644\u0643\u0634\u0645\u0634 \u0627\u0644\u0623\u0633\u0648\u062f<\/p>\n","protected":false},"featured_media":18962,"comment_status":"open","ping_status":"closed","template":"","meta":[],"product_brand":[],"product_cat":[2508,2554,2557],"product_tag":[],"class_list":{"0":"post-21000","1":"product","2":"type-product","3":"status-publish","4":"has-post-thumbnail","6":"product_cat-2508","7":"product_cat-2554","8":"product_cat-2557","10":"first","11":"outofstock","12":"shipping-taxable","13":"purchasable","14":"product-type-simple"},"_links":{"self":[{"href":"https:\/\/sy.osmanlioud.net\/idb\/wp-json\/wp\/v2\/product\/21000","targetHints":{"allow":["GET"]}}],"collection":[{"href":"https:\/\/sy.osmanlioud.net\/idb\/wp-json\/wp\/v2\/product"}],"about":[{"href":"https:\/\/sy.osmanlioud.net\/idb\/wp-json\/wp\/v2\/types\/product"}],"replies":[{"embeddable":true,"href":"https:\/\/sy.osmanlioud.net\/idb\/wp-json\/wp\/v2\/comments?post=21000"}],"version-history":[{"count":0,"href":"https:\/\/sy.osmanlioud.net\/idb\/wp-json\/wp\/v2\/product\/21000\/revisions"}],"wp:featuredmedia":[{"embeddable":true,"href":"https:\/\/sy.osmanlioud.net\/idb\/wp-json\/wp\/v2\/media\/18962"}],"wp:attachment":[{"href":"https:\/\/sy.osmanlioud.net\/idb\/wp-json\/wp\/v2\/media?parent=21000"}],"wp:term":[{"taxonomy":"product_brand","embeddable":true,"href":"https:\/\/sy.osmanlioud.net\/idb\/wp-json\/wp\/v2\/product_brand?post=21000"},{"taxonomy":"product_cat","embeddable":true,"href":"https:\/\/sy.osmanlioud.net\/idb\/wp-json\/wp\/v2\/product_cat?post=21000"},{"taxonomy":"product_tag","embeddable":true,"href":"https:\/\/sy.osmanlioud.net\/idb\/wp-json\/wp\/v2\/product_tag?post=21000"}],"curies":[{"name":"wp","href":"https:\/\/api.w.org\/{rel}","templated":true}]}}