{"id":17404,"date":"2025-01-27T09:12:17","date_gmt":"2025-01-27T09:12:17","guid":{"rendered":"https:\/\/new.osmanlioud.co\/?post_type=product&#038;p=17404"},"modified":"2026-02-10T08:23:00","modified_gmt":"2026-02-10T08:23:00","slug":"mihrisah-eau-de-perfum","status":"publish","type":"product","link":"https:\/\/sy.osmanlioud.net\/idb\/en\/product\/mihrisah-eau-de-perfum\/","title":{"rendered":"M\u0130HR\u0130\u015eAH &#8211; EAU De Perfum"},"content":{"rendered":"\t\t<div data-elementor-type=\"wp-post\" data-elementor-id=\"17404\" class=\"elementor elementor-17404\">\n\t\t\t\t\t\t<section class=\"wd-negative-gap elementor-section elementor-top-section elementor-element elementor-element-f335c48 elementor-section-boxed elementor-section-height-default elementor-section-height-default\" data-id=\"f335c48\" data-element_type=\"section\" data-e-type=\"section\">\n\t\t\t\t\t\t<div class=\"elementor-container elementor-column-gap-default\">\n\t\t\t\t\t<div class=\"elementor-column elementor-col-100 elementor-top-column elementor-element elementor-element-b982906\" data-id=\"b982906\" data-element_type=\"column\" data-e-type=\"column\">\n\t\t\t<div class=\"elementor-widget-wrap elementor-element-populated\">\n\t\t\t\t\t\t<div class=\"elementor-element elementor-element-c647244 elementor-widget elementor-widget-wd_text_block\" data-id=\"c647244\" data-element_type=\"widget\" data-e-type=\"widget\" data-widget_type=\"wd_text_block.default\">\n\t\t\t\t<div class=\"elementor-widget-container\">\n\t\t\t\t\t\t\t<div class=\"wd-text-block reset-last-child text-left\">\n\t\t\t\n\t\t\t<p>Embrace the timeless allure of Ottoman royalty with Mihri\u015fah, a fragrance that exudes elegance, sophistication, and charm. This exquisite perfume opens with a burst of juicy blackcurrant and pear, delicately balanced by the romantic essence of rose and the spicy warmth of baie rose.\n\t\t\t\t\t<\/div>\n\t\t\t\t\t\t<\/div>\n\t\t\t\t<\/div>\n\t\t\t\t\t<\/div>\n\t\t<\/div>\n\t\t\t\t\t<\/div>\n\t\t<\/section>\n\t\t\t\t<\/div>\n\t\t","protected":false},"excerpt":{"rendered":"<p>Embrace the timeless allure of Ottoman royalty with Mihri\u015fah, a fragrance that exudes elegance, sophistication, and charm. This exquisite perfume<\/p>\n","protected":false},"featured_media":16200,"comment_status":"open","ping_status":"closed","template":"","meta":[],"product_brand":[],"product_cat":[1343,1344,1347],"product_tag":[],"class_list":{"0":"post-17404","1":"product","2":"type-product","3":"status-publish","4":"has-post-thumbnail","6":"product_cat-perfumes","7":"product_cat-sultans","8":"product_cat-women-sultans","10":"first","11":"outofstock","12":"shipping-taxable","13":"purchasable","14":"product-type-simple"},"_links":{"self":[{"href":"https:\/\/sy.osmanlioud.net\/idb\/en\/wp-json\/wp\/v2\/product\/17404","targetHints":{"allow":["GET"]}}],"collection":[{"href":"https:\/\/sy.osmanlioud.net\/idb\/en\/wp-json\/wp\/v2\/product"}],"about":[{"href":"https:\/\/sy.osmanlioud.net\/idb\/en\/wp-json\/wp\/v2\/types\/product"}],"replies":[{"embeddable":true,"href":"https:\/\/sy.osmanlioud.net\/idb\/en\/wp-json\/wp\/v2\/comments?post=17404"}],"version-history":[{"count":0,"href":"https:\/\/sy.osmanlioud.net\/idb\/en\/wp-json\/wp\/v2\/product\/17404\/revisions"}],"wp:featuredmedia":[{"embeddable":true,"href":"https:\/\/sy.osmanlioud.net\/idb\/en\/wp-json\/wp\/v2\/media\/16200"}],"wp:attachment":[{"href":"https:\/\/sy.osmanlioud.net\/idb\/en\/wp-json\/wp\/v2\/media?parent=17404"}],"wp:term":[{"taxonomy":"product_brand","embeddable":true,"href":"https:\/\/sy.osmanlioud.net\/idb\/en\/wp-json\/wp\/v2\/product_brand?post=17404"},{"taxonomy":"product_cat","embeddable":true,"href":"https:\/\/sy.osmanlioud.net\/idb\/en\/wp-json\/wp\/v2\/product_cat?post=17404"},{"taxonomy":"product_tag","embeddable":true,"href":"https:\/\/sy.osmanlioud.net\/idb\/en\/wp-json\/wp\/v2\/product_tag?post=17404"}],"curies":[{"name":"wp","href":"https:\/\/api.w.org\/{rel}","templated":true}]}}