{"id":17339,"date":"2025-01-27T09:12:11","date_gmt":"2025-01-27T09:12:11","guid":{"rendered":"https:\/\/new.osmanlioud.co\/?post_type=product&#038;p=17339"},"modified":"2026-02-10T08:27:05","modified_gmt":"2026-02-10T08:27:05","slug":"cagnur-eau-de-perfum","status":"publish","type":"product","link":"https:\/\/sy.osmanlioud.net\/idb\/en\/product\/cagnur-eau-de-perfum\/","title":{"rendered":"Cagnur &#8211; EAU De Perfum"},"content":{"rendered":"\t\t<div data-elementor-type=\"wp-post\" data-elementor-id=\"17339\" class=\"elementor elementor-17339\">\n\t\t\t\t\t\t<section class=\"wd-negative-gap elementor-section elementor-top-section elementor-element elementor-element-f335c48 elementor-section-boxed elementor-section-height-default elementor-section-height-default\" data-id=\"f335c48\" data-element_type=\"section\" data-e-type=\"section\">\n\t\t\t\t\t\t<div class=\"elementor-container elementor-column-gap-default\">\n\t\t\t\t\t<div class=\"elementor-column elementor-col-100 elementor-top-column elementor-element elementor-element-b982906\" data-id=\"b982906\" data-element_type=\"column\" data-e-type=\"column\">\n\t\t\t<div class=\"elementor-widget-wrap elementor-element-populated\">\n\t\t\t\t\t\t<div class=\"elementor-element elementor-element-c647244 elementor-widget elementor-widget-wd_text_block\" data-id=\"c647244\" data-element_type=\"widget\" data-e-type=\"widget\" data-widget_type=\"wd_text_block.default\">\n\t\t\t\t<div class=\"elementor-widget-container\">\n\t\t\t\t\t\t\t<div class=\"wd-text-block reset-last-child text-left\">\n\t\t\t\n\t\t\t<p>\u00c7A\u011eNUR is a women's perfume from the Osmanli Oud WARRIORS collection. The 65 ml bottle with a new design is eye-catching.<p>The aromatic notes of the perfume are; passionfruit, grapefruit, pineapple, tangerine, big strawberry in the top notes, peony, vanilla orchid, red berries, jasmine, lily-of-the-valley in the middle notes, and musk, woody notes, and oakmoss in the base notes.<p>\u00c7A\u011eNUR can be described as the scent of a modern and feminine woman. The opening notes of passionfruit, grapefruit, and pineapple add energy and vitality to the perfume, while tangerine, big strawberry, and peony add freshness and dynamism. The middle notes of vanilla orchid, red berries, and jasmine add elegance and mystery.<p>The base notes of musk, woody notes, and oakmoss add richness and harmony to the perfume.<br \/>\u00c7A\u011eNUR is a perfume suitable for both everyday use and special occasions. \u00c7A\u011eNUR, which will complement the style of a modern and feminine woman, is a long-lasting perfume.\n\t\t\t\t\t<\/div>\n\t\t\t\t\t\t<\/div>\n\t\t\t\t<\/div>\n\t\t\t\t\t<\/div>\n\t\t<\/div>\n\t\t\t\t\t<\/div>\n\t\t<\/section>\n\t\t\t\t<\/div>\n\t\t","protected":false},"excerpt":{"rendered":"<p>\u00c7A\u011eNUR is a women&#8217;s perfume from the Osmanli Oud WARRIORS collection. It is a modern and feminine scent suitable for both everyday use and special occasions.<\/p>\n","protected":false},"featured_media":16075,"comment_status":"open","ping_status":"closed","template":"","meta":[],"product_brand":[],"product_cat":[1343,1406,1353,1408],"product_tag":[],"class_list":{"0":"post-17339","1":"product","2":"type-product","3":"status-publish","4":"has-post-thumbnail","6":"product_cat-perfumes","7":"product_cat-warriors","8":"product_cat-women-perfumes","9":"product_cat-women-warriors","11":"first","12":"instock","13":"shipping-taxable","14":"purchasable","15":"product-type-simple"},"_links":{"self":[{"href":"https:\/\/sy.osmanlioud.net\/idb\/en\/wp-json\/wp\/v2\/product\/17339","targetHints":{"allow":["GET"]}}],"collection":[{"href":"https:\/\/sy.osmanlioud.net\/idb\/en\/wp-json\/wp\/v2\/product"}],"about":[{"href":"https:\/\/sy.osmanlioud.net\/idb\/en\/wp-json\/wp\/v2\/types\/product"}],"replies":[{"embeddable":true,"href":"https:\/\/sy.osmanlioud.net\/idb\/en\/wp-json\/wp\/v2\/comments?post=17339"}],"version-history":[{"count":0,"href":"https:\/\/sy.osmanlioud.net\/idb\/en\/wp-json\/wp\/v2\/product\/17339\/revisions"}],"wp:featuredmedia":[{"embeddable":true,"href":"https:\/\/sy.osmanlioud.net\/idb\/en\/wp-json\/wp\/v2\/media\/16075"}],"wp:attachment":[{"href":"https:\/\/sy.osmanlioud.net\/idb\/en\/wp-json\/wp\/v2\/media?parent=17339"}],"wp:term":[{"taxonomy":"product_brand","embeddable":true,"href":"https:\/\/sy.osmanlioud.net\/idb\/en\/wp-json\/wp\/v2\/product_brand?post=17339"},{"taxonomy":"product_cat","embeddable":true,"href":"https:\/\/sy.osmanlioud.net\/idb\/en\/wp-json\/wp\/v2\/product_cat?post=17339"},{"taxonomy":"product_tag","embeddable":true,"href":"https:\/\/sy.osmanlioud.net\/idb\/en\/wp-json\/wp\/v2\/product_tag?post=17339"}],"curies":[{"name":"wp","href":"https:\/\/api.w.org\/{rel}","templated":true}]}}