{"id":17283,"date":"2025-01-27T09:12:04","date_gmt":"2025-01-27T09:12:04","guid":{"rendered":"https:\/\/new.osmanlioud.co\/?post_type=product&#038;p=17283"},"modified":"2026-02-10T08:23:19","modified_gmt":"2026-02-10T08:23:19","slug":"emel-eau-de-perfum","status":"publish","type":"product","link":"https:\/\/sy.osmanlioud.net\/idb\/en\/product\/emel-eau-de-perfum\/","title":{"rendered":"Emel &#8211; EAU De Perfum"},"content":{"rendered":"\t\t<div data-elementor-type=\"wp-post\" data-elementor-id=\"17283\" class=\"elementor elementor-17283\">\n\t\t\t\t\t\t<section class=\"wd-negative-gap elementor-section elementor-top-section elementor-element elementor-element-f335c48 elementor-section-boxed elementor-section-height-default elementor-section-height-default\" data-id=\"f335c48\" data-element_type=\"section\" data-e-type=\"section\">\n\t\t\t\t\t\t<div class=\"elementor-container elementor-column-gap-default\">\n\t\t\t\t\t<div class=\"elementor-column elementor-col-100 elementor-top-column elementor-element elementor-element-b982906\" data-id=\"b982906\" data-element_type=\"column\" data-e-type=\"column\">\n\t\t\t<div class=\"elementor-widget-wrap elementor-element-populated\">\n\t\t\t\t\t\t<div class=\"elementor-element elementor-element-c647244 elementor-widget elementor-widget-wd_text_block\" data-id=\"c647244\" data-element_type=\"widget\" data-e-type=\"widget\" data-widget_type=\"wd_text_block.default\">\n\t\t\t\t<div class=\"elementor-widget-container\">\n\t\t\t\t\t\t\t<div class=\"wd-text-block reset-last-child text-left\">\n\t\t\t\n\t\t\t<p>Introducing \"EMEL\" Perfume, a captivating addition to the OSMANLI OUD brand's \"WARRIORS\" Collection, designed exclusively for women.<p>This exquisite fragrance comes in a generous 65 ml bottle.<p>\"EMEL\" Perfume is a symphony of scents that embodies strength and sophistication.<p>At its core, saffron reigns supreme, creating a bold and entrancing top note.<p>As the fragrance unfolds, the heart reveals the richness of dark woods, the earthy depth of patchouli, and the timeless allure of rose, all mingling harmoniously.<p>The journey concludes with the warm and inviting base note of amber, leaving a lasting and memorable impression.<p>\"EMEL\" Perfume is a true testament to the power of femininity, designed to inspire confidence and elegance.<p>Elevate your senses and make a statement with every spray of \"EMEL\" Perfume, a fragrance that captures the essence of strength and beauty.<p>Discover the allure of \"EMEL\" by OSMANLI OUD.\n\t\t\t\t\t<\/div>\n\t\t\t\t\t\t<\/div>\n\t\t\t\t<\/div>\n\t\t\t\t\t<\/div>\n\t\t<\/div>\n\t\t\t\t\t<\/div>\n\t\t<\/section>\n\t\t\t\t<\/div>\n\t\t","protected":false},"excerpt":{"rendered":"<p>Tan\u0131t\u0131yoruz: OSMANLI OUD&#8217;un &#8220;WARRIORS&#8221; koleksiyonuna b\u00fcy\u00fcleyici bir katk\u0131 olan &#8220;EMEL&#8221; Parf\u00fcm\u00fc! Bu zarif koku, sadece kad\u0131nlar i\u00e7in tasarlanan c\u00f6mert 65 ml \u015fi\u015fede sunuluyor. G\u00fc\u00e7 ve sofistike dokunu\u015f.<\/p>\n","protected":false},"featured_media":16023,"comment_status":"open","ping_status":"closed","template":"","meta":[],"product_brand":[],"product_cat":[1343,1406,1353,1408],"product_tag":[],"class_list":{"0":"post-17283","1":"product","2":"type-product","3":"status-publish","4":"has-post-thumbnail","6":"product_cat-perfumes","7":"product_cat-warriors","8":"product_cat-women-perfumes","9":"product_cat-women-warriors","11":"first","12":"outofstock","13":"shipping-taxable","14":"purchasable","15":"product-type-simple"},"_links":{"self":[{"href":"https:\/\/sy.osmanlioud.net\/idb\/en\/wp-json\/wp\/v2\/product\/17283","targetHints":{"allow":["GET"]}}],"collection":[{"href":"https:\/\/sy.osmanlioud.net\/idb\/en\/wp-json\/wp\/v2\/product"}],"about":[{"href":"https:\/\/sy.osmanlioud.net\/idb\/en\/wp-json\/wp\/v2\/types\/product"}],"replies":[{"embeddable":true,"href":"https:\/\/sy.osmanlioud.net\/idb\/en\/wp-json\/wp\/v2\/comments?post=17283"}],"version-history":[{"count":0,"href":"https:\/\/sy.osmanlioud.net\/idb\/en\/wp-json\/wp\/v2\/product\/17283\/revisions"}],"wp:featuredmedia":[{"embeddable":true,"href":"https:\/\/sy.osmanlioud.net\/idb\/en\/wp-json\/wp\/v2\/media\/16023"}],"wp:attachment":[{"href":"https:\/\/sy.osmanlioud.net\/idb\/en\/wp-json\/wp\/v2\/media?parent=17283"}],"wp:term":[{"taxonomy":"product_brand","embeddable":true,"href":"https:\/\/sy.osmanlioud.net\/idb\/en\/wp-json\/wp\/v2\/product_brand?post=17283"},{"taxonomy":"product_cat","embeddable":true,"href":"https:\/\/sy.osmanlioud.net\/idb\/en\/wp-json\/wp\/v2\/product_cat?post=17283"},{"taxonomy":"product_tag","embeddable":true,"href":"https:\/\/sy.osmanlioud.net\/idb\/en\/wp-json\/wp\/v2\/product_tag?post=17283"}],"curies":[{"name":"wp","href":"https:\/\/api.w.org\/{rel}","templated":true}]}}