{"id":17380,"date":"2025-01-27T09:12:16","date_gmt":"2025-01-27T09:12:16","guid":{"rendered":"https:\/\/new.osmanlioud.co\/?post_type=product&#038;p=17380"},"modified":"2025-05-20T13:35:47","modified_gmt":"2025-05-20T13:35:47","slug":"hurrem-set","status":"publish","type":"product","link":"https:\/\/sy.osmanlioud.net\/en\/product\/hurrem-set\/","title":{"rendered":"Hurrem Set"},"content":{"rendered":"\t\t<div data-elementor-type=\"wp-post\" data-elementor-id=\"17380\" class=\"elementor elementor-17380\">\n\t\t\t\t\t\t<section class=\"wd-negative-gap elementor-section elementor-top-section elementor-element elementor-element-f335c48 elementor-section-boxed elementor-section-height-default elementor-section-height-default\" data-id=\"f335c48\" data-element_type=\"section\" data-e-type=\"section\">\n\t\t\t\t\t\t<div class=\"elementor-container elementor-column-gap-default\">\n\t\t\t\t\t<div class=\"elementor-column elementor-col-100 elementor-top-column elementor-element elementor-element-b982906\" data-id=\"b982906\" data-element_type=\"column\" data-e-type=\"column\">\n\t\t\t<div class=\"elementor-widget-wrap elementor-element-populated\">\n\t\t\t\t\t\t<div class=\"elementor-element elementor-element-c647244 elementor-widget elementor-widget-wd_text_block\" data-id=\"c647244\" data-element_type=\"widget\" data-e-type=\"widget\" data-widget_type=\"wd_text_block.default\">\n\t\t\t\t<div class=\"elementor-widget-container\">\n\t\t\t\t\t\t\t<div class=\"wd-text-block reset-last-child text-left\">\n\t\t\t\n\t\t\t<p>H\u00fcrrem Perfume: Embodying Elegance and Femininity<p>H\u00fcrrem Perfume by Osmanl\u0131 Oud is a captivating fragrance designed specifically for women.<p>With its exquisite blend of scents, it exudes a sense of elegance and femininity that will leave a lasting impression.<p>Let's delve into the aromatic journey that awaits you.<p>At the very first encounter, H\u00fcrrem Perfume unveils its top notes, where a symphony of citrus freshness and the subtle bitterness of bergamot intermingle.<p>This invigorating combination is further enhanced by the presence of aromatic lavender, lending a soothing and refined touch to the overall composition.<p>Moving on to the heart of the fragrance, the middle notes, we discover the enchanting essence of wild jasmine.<p>Known for its intoxicating and floral aroma, this delicate flower adds a sensual and romantic allure to H\u00fcrrem Perfume. It evokes a sense of passion and intrigue, captivating those around you.<p>Finally, the base notes of cypress and cashmere provide a solid foundation to this olfactory masterpiece.<p>The woody and earthy qualities of cypress blend harmoniously with the warm and luxurious embrace of cashmere.<p>Together, they create a lingering trail that leaves an indelible mark, making H\u00fcrrem Perfume unforgettable.<p>Osmanl\u0131 Oud, the esteemed brand behind H\u00fcrrem Perfume, draws inspiration from the rich heritage of the Ottoman Empire.<p>With meticulous craftsmanship and an unwavering commitment to quality, they have created a fragrance that pays homage to the elegance and grace of H\u00fcrrem Sultan, a beloved figure from Ottoman history.<p>As you embrace H\u00fcrrem Perfume, you embrace a world of sophistication and allure.<p>It is a fragrance that complements the modern woman, embodying her strength, beauty, and unwavering confidence. Whether you're attending a formal event or simply want to elevate your everyday experiences, H\u00fcrrem Perfume is the perfect companion.<p>In conclusion, H\u00fcrrem Perfume by Osmanl\u0131 Oud is a captivating fragrance that embraces the essence of femininity.<p>With its carefully selected notes, it evokes a sense of elegance, sensuality, and confidence.<p>Let its citrus freshness, aromatic lavender, wild jasmine, cypress, and cashmere transport you to a world of enchantment.<p>Immerse yourself in the legacy of H\u00fcrrem Sultan and experience the magic of H\u00fcrrem Perfume.\n\t\t\t\t\t<\/div>\n\t\t\t\t\t\t<\/div>\n\t\t\t\t<\/div>\n\t\t\t\t\t<\/div>\n\t\t<\/div>\n\t\t\t\t\t<\/div>\n\t\t<\/section>\n\t\t\t\t<\/div>\n\t\t","protected":false},"excerpt":{"rendered":"<p>H\u00fcrrem Perfume: Embodying Elegance and Femininity H\u00fcrrem Perfume by Osmanl\u0131 Oud is a captivating fragrance designed specifically for women. With<\/p>\n","protected":false},"featured_media":16128,"comment_status":"open","ping_status":"closed","template":"","meta":[],"product_brand":[],"product_cat":[1405,1353],"product_tag":[],"class_list":{"0":"post-17380","1":"product","2":"type-product","3":"status-publish","4":"has-post-thumbnail","6":"product_cat-perfume-sets","7":"product_cat-women-perfumes","9":"first","10":"outofstock","11":"shipping-taxable","12":"purchasable","13":"product-type-simple"},"_links":{"self":[{"href":"https:\/\/sy.osmanlioud.net\/en\/wp-json\/wp\/v2\/product\/17380","targetHints":{"allow":["GET"]}}],"collection":[{"href":"https:\/\/sy.osmanlioud.net\/en\/wp-json\/wp\/v2\/product"}],"about":[{"href":"https:\/\/sy.osmanlioud.net\/en\/wp-json\/wp\/v2\/types\/product"}],"replies":[{"embeddable":true,"href":"https:\/\/sy.osmanlioud.net\/en\/wp-json\/wp\/v2\/comments?post=17380"}],"version-history":[{"count":0,"href":"https:\/\/sy.osmanlioud.net\/en\/wp-json\/wp\/v2\/product\/17380\/revisions"}],"wp:featuredmedia":[{"embeddable":true,"href":"https:\/\/sy.osmanlioud.net\/en\/wp-json\/wp\/v2\/media\/16128"}],"wp:attachment":[{"href":"https:\/\/sy.osmanlioud.net\/en\/wp-json\/wp\/v2\/media?parent=17380"}],"wp:term":[{"taxonomy":"product_brand","embeddable":true,"href":"https:\/\/sy.osmanlioud.net\/en\/wp-json\/wp\/v2\/product_brand?post=17380"},{"taxonomy":"product_cat","embeddable":true,"href":"https:\/\/sy.osmanlioud.net\/en\/wp-json\/wp\/v2\/product_cat?post=17380"},{"taxonomy":"product_tag","embeddable":true,"href":"https:\/\/sy.osmanlioud.net\/en\/wp-json\/wp\/v2\/product_tag?post=17380"}],"curies":[{"name":"wp","href":"https:\/\/api.w.org\/{rel}","templated":true}]}}